{"id":163,"date":"2026-04-02T08:57:53","date_gmt":"2026-04-02T06:57:53","guid":{"rendered":"https:\/\/dev.mdconseil-formation.com\/?page_id=163"},"modified":"2026-04-03T23:45:06","modified_gmt":"2026-04-03T21:45:06","slug":"qui-sommes-nous","status":"publish","type":"page","link":"https:\/\/dev.mdconseil-formation.com\/en\/qui-sommes-nous\/","title":{"rendered":"Qui sommes nous"},"content":{"rendered":"<div class=\"wp-block-columns alignwide are-vertically-aligned-top is-layout-flex wp-container-core-columns-is-layout-28f84493 wp-block-columns-is-layout-flex\">\n<div class=\"wp-block-column is-vertically-aligned-top is-layout-flow wp-block-column-is-layout-flow\" style=\"flex-basis:33.33%\">\n<figure data-spectra-id=\"spectra-66d59017-b9f5-4d51-a2e1-dc82f0780f9c\" class=\"wp-block-image\"><img loading=\"lazy\" decoding=\"async\" width=\"478\" height=\"638\" src=\"https:\/\/dev.mdconseil-formation.com\/wp-content\/uploads\/2026\/04\/PHOTO-2025-05-13-15-59-23-edited.avif\" alt=\"\" class=\"wp-image-229\" srcset=\"https:\/\/dev.mdconseil-formation.com\/wp-content\/uploads\/2026\/04\/PHOTO-2025-05-13-15-59-23-edited.avif 478w, https:\/\/dev.mdconseil-formation.com\/wp-content\/uploads\/2026\/04\/PHOTO-2025-05-13-15-59-23-edited-225x300.avif 225w, https:\/\/dev.mdconseil-formation.com\/wp-content\/uploads\/2026\/04\/PHOTO-2025-05-13-15-59-23-edited-9x12.avif 9w\" sizes=\"auto, (max-width: 478px) 100vw, 478px\" \/><\/figure>\n<\/div>\n\n\n\n<div class=\"wp-block-column is-vertically-aligned-top is-layout-flow wp-block-column-is-layout-flow\" style=\"flex-basis:66.66%\">\n<h2 class=\"wp-block-heading\">Marc Duvollet<\/h2>\n\n\n\n<p>Passionn\u00e9 par les questions relatives \u00e0 la s\u00e9curit\u00e9, \u00e0 la s\u00e9curit\u00e9, la conformit\u00e9 r\u00e9glementaire, la sant\u00e9 s\u00e9curit\u00e9 au travail, l&rsquo;environnement, la responsabilit\u00e9 soci\u00e9tale des entreprises, la maitrise des risques industriels et le dialogue social, j&rsquo;ai d\u00e9cid\u00e9 d&#8217;embrasser la carri\u00e8re d&rsquo;expert HSE RSE il y a une dizaine d&rsquo;ann\u00e9e.<br><br>Fort de deux dipl\u00f4mes d&rsquo;ing\u00e9nieurs, d&rsquo;un MBA, d&rsquo;une certification de personne comp\u00e9tente en radioprotection et d&rsquo;une certification de personne comp\u00e9tente en ATEX, j&rsquo;ai eu l&rsquo;opportunit\u00e9 d&rsquo;exercer ce m\u00e9tier au niveau central dans l&rsquo;arm\u00e9e (BSPP), dans la fonction publique territoriale (\u00e9tablissement public territorial) et dans le secteur priv\u00e9 (m\u00e9tallurgie, eau et d\u00e9chet, data centers).<br><br>Je mets aujourd&rsquo;hui mes connaissances et comp\u00e9tences au service des entreprises de tous secteurs et de toutes tailles qui souhaitent optimiser leurs performance par une prise en compte efficace des sujets HSE et RSE.<\/p>\n<\/div>\n<\/div>\n\n\n\n<h2 class=\"wp-block-heading\">Nos Valeurs<\/h2>\n\n\n\n<h2 class=\"wp-block-heading\">Quelques unes de nos th\u00e9matiques de formation<\/h2>\n\n\n\n<p><\/p>","protected":false},"excerpt":{"rendered":"<p>Marc Duvollet Passionn\u00e9 par les questions relatives \u00e0 la s\u00e9curit\u00e9, \u00e0 la s\u00e9curit\u00e9, la conformit\u00e9 r\u00e9glementaire, la sant\u00e9 s\u00e9curit\u00e9 au [&hellip;]<\/p>\n","protected":false},"author":1,"featured_media":0,"parent":0,"menu_order":0,"comment_status":"closed","ping_status":"closed","template":"","meta":{"_acf_changed":false,"_uag_custom_page_level_css":"","site-sidebar-layout":"default","site-content-layout":"","ast-site-content-layout":"default","site-content-style":"default","site-sidebar-style":"default","ast-global-header-display":"","ast-banner-title-visibility":"","ast-main-header-display":"","ast-hfb-above-header-display":"","ast-hfb-below-header-display":"","ast-hfb-mobile-header-display":"","site-post-title":"","ast-breadcrumbs-content":"","ast-featured-img":"","footer-sml-layout":"","ast-disable-related-posts":"","theme-transparent-header-meta":"","adv-header-id-meta":"","stick-header-meta":"","header-above-stick-meta":"","header-main-stick-meta":"","header-below-stick-meta":"","astra-migrate-meta-layouts":"default","ast-page-background-enabled":"default","ast-page-background-meta":{"desktop":{"background-color":"var(--ast-global-color-5)","background-image":"","background-repeat":"repeat","background-position":"center center","background-size":"auto","background-attachment":"scroll","background-type":"","background-media":"","overlay-type":"","overlay-color":"","overlay-opacity":"","overlay-gradient":""},"tablet":{"background-color":"","background-image":"","background-repeat":"repeat","background-position":"center center","background-size":"auto","background-attachment":"scroll","background-type":"","background-media":"","overlay-type":"","overlay-color":"","overlay-opacity":"","overlay-gradient":""},"mobile":{"background-color":"","background-image":"","background-repeat":"repeat","background-position":"center center","background-size":"auto","background-attachment":"scroll","background-type":"","background-media":"","overlay-type":"","overlay-color":"","overlay-opacity":"","overlay-gradient":""}},"ast-content-background-meta":{"desktop":{"background-color":"var(--ast-global-color-4)","background-image":"","background-repeat":"repeat","background-position":"center center","background-size":"auto","background-attachment":"scroll","background-type":"","background-media":"","overlay-type":"","overlay-color":"","overlay-opacity":"","overlay-gradient":""},"tablet":{"background-color":"var(--ast-global-color-4)","background-image":"","background-repeat":"repeat","background-position":"center center","background-size":"auto","background-attachment":"scroll","background-type":"","background-media":"","overlay-type":"","overlay-color":"","overlay-opacity":"","overlay-gradient":""},"mobile":{"background-color":"var(--ast-global-color-4)","background-image":"","background-repeat":"repeat","background-position":"center center","background-size":"auto","background-attachment":"scroll","background-type":"","background-media":"","overlay-type":"","overlay-color":"","overlay-opacity":"","overlay-gradient":""}},"spectra_gs_classes":"","footnotes":""},"class_list":["post-163","page","type-page","status-publish","hentry"],"acf":[],"spectra_custom_meta":{"_edit_lock":["1775253878:1"],"_uag_page_assets":["a:9:{s:3:\"css\";s:263:\".uag-blocks-common-selector{z-index:var(--z-index-desktop) !important}@media (max-width: 976px){.uag-blocks-common-selector{z-index:var(--z-index-tablet) !important}}@media (max-width: 767px){.uag-blocks-common-selector{z-index:var(--z-index-mobile) !important}}\n\";s:2:\"js\";s:0:\"\";s:18:\"current_block_list\";a:13:{i:0;s:12:\"core\/columns\";i:1;s:11:\"core\/column\";i:2;s:10:\"core\/image\";i:4;s:12:\"core\/heading\";i:5;s:14:\"core\/paragraph\";i:6;s:11:\"core\/search\";i:7;s:10:\"core\/group\";i:8;s:17:\"core\/latest-posts\";i:9;s:20:\"core\/latest-comments\";i:10;s:13:\"core\/archives\";i:11;s:15:\"core\/categories\";i:12;s:12:\"core\/gallery\";i:15;s:14:\"core\/page-list\";}s:8:\"uag_flag\";b:0;s:11:\"uag_version\";i:1776430152;s:6:\"gfonts\";a:0:{}s:10:\"gfonts_url\";s:0:\"\";s:12:\"gfonts_files\";a:0:{}s:14:\"uag_faq_layout\";b:0;}"],"_uag_css_file_name":["uag-css-163.css"]},"uagb_featured_image_src":{"full":false,"thumbnail":false,"medium":false,"medium_large":false,"large":false,"1536x1536":false,"2048x2048":false,"trp-custom-language-flag":false},"uagb_author_info":{"display_name":"pmeyerv","author_link":"https:\/\/dev.mdconseil-formation.com\/en\/author\/pmeyerv\/"},"uagb_comment_info":0,"uagb_excerpt":"Marc Duvollet Passionn\u00e9 par les questions relatives \u00e0 la s\u00e9curit\u00e9, \u00e0 la s\u00e9curit\u00e9, la conformit\u00e9 r\u00e9glementaire, la sant\u00e9 s\u00e9curit\u00e9 au [&hellip;]","_links":{"self":[{"href":"https:\/\/dev.mdconseil-formation.com\/en\/wp-json\/wp\/v2\/pages\/163","targetHints":{"allow":["GET"]}}],"collection":[{"href":"https:\/\/dev.mdconseil-formation.com\/en\/wp-json\/wp\/v2\/pages"}],"about":[{"href":"https:\/\/dev.mdconseil-formation.com\/en\/wp-json\/wp\/v2\/types\/page"}],"author":[{"embeddable":true,"href":"https:\/\/dev.mdconseil-formation.com\/en\/wp-json\/wp\/v2\/users\/1"}],"replies":[{"embeddable":true,"href":"https:\/\/dev.mdconseil-formation.com\/en\/wp-json\/wp\/v2\/comments?post=163"}],"version-history":[{"count":19,"href":"https:\/\/dev.mdconseil-formation.com\/en\/wp-json\/wp\/v2\/pages\/163\/revisions"}],"predecessor-version":[{"id":239,"href":"https:\/\/dev.mdconseil-formation.com\/en\/wp-json\/wp\/v2\/pages\/163\/revisions\/239"}],"wp:attachment":[{"href":"https:\/\/dev.mdconseil-formation.com\/en\/wp-json\/wp\/v2\/media?parent=163"}],"curies":[{"name":"wp","href":"https:\/\/api.w.org\/{rel}","templated":true}]}}